{"id":20761,"date":"2023-09-10T23:33:39","date_gmt":"2023-09-10T23:33:39","guid":{"rendered":"https:\/\/preventaspvr.com\/?page_id=20761"},"modified":"2024-11-24T17:13:38","modified_gmt":"2024-11-24T17:13:38","slug":"aviso-de-privacidad","status":"publish","type":"page","link":"https:\/\/preventaspvr.com\/en\/aviso-de-privacidad\/","title":{"rendered":""},"content":{"rendered":"<p><strong>AVISO DE PRIVACIDAD CLIENTE<\/strong><\/p>\n\n\n\n<p>De conformidad en lo dispuesto por la Ley Federal de Protecci\u00f3n de Datos Personales en Posesi\u00f3n de los Particulares en adelante denominada como \u201cLa Ley\u201d se emite el presente aviso de privacidad en los siguientes t\u00e9rminos:<\/p>\n\n\n\n<p><strong>RESPONSABLE DE LOS DATOS PERSONALES<\/strong><\/p>\n\n\n\n<p>Para efectos del presente aviso de privacidad Oscar Hugo Gonzalez Ponce con domicilio en 148 Valle de San Andr\u00e9s, Valle Dorado, Bah\u00eda de Banderas, Nayarit, C.P. 63735, es el responsable de la obtenci\u00f3n, divulgaci\u00f3n, almacenamiento, uso, manejo, aprovechamiento, transferencia y\/o disposici\u00f3n as\u00ed como la protecci\u00f3n de los datos personales que recabe de sus clientes.<\/p>\n\n\n\n<p><strong>DATOS PERSONALES RECABADOS<\/strong><\/p>\n\n\n\n<p>Los datos personales que&nbsp;recabo son de manera enunciativa mas no limitativa los siguientes: Nombre, domicilio particular, correo electr\u00f3nico, edad, fecha de nacimiento, sexo, estado civil, nacionalidad, tel\u00e9fono, ocupaci\u00f3n, RFC, datos laborales actuales, copia de identificaci\u00f3n oficial con fotograf\u00eda, copia de comprobante de ingresos, referencias bancarias, n\u00famero de personas que dependan econ\u00f3micamente de \u00e9l, entre otros.<\/p>\n\n\n\n<p>Sus datos personales son recabados v\u00eda correo electr\u00f3nico o mediante la entrega de los documentos que acrediten los datos antes mencionados o mediante transferencias de datos.<\/p>\n\n\n\n<p><strong>POL\u00cdTICA DE DATOS SENSIBLES<\/strong><\/p>\n\n\n\n<p>Por pol\u00edtica no se solicita ninguna informaci\u00f3n que bajo la ley se entiende como datos sensibles, tales como: religi\u00f3n, preferencias sexuales, opiniones pol\u00edticas, entre otros. Se apoya y fomenta la diversidad y por lo tanto proh\u00edbe cualquier acto discriminatorio o la solicitud de cualquier informaci\u00f3n que pudiese implicar un acto discriminatorio. En caso de que Usted proporcione datos sensibles la empresa los tratar\u00e1 y salvaguardar\u00e1 en t\u00e9rminos de la ley.<\/p>\n\n\n\n<p><strong>FINALIDAD DEL TRATAMIENTO DE DATOS PERSONALES<\/strong><\/p>\n\n\n\n<p>Los datos que recabamos tienen como finalidad: <\/p>\n\n\n\n<p>&#8211; Elaboraci\u00f3n de un contrato de prestaci\u00f3n de servicios para establecer los t\u00e9rminos y condiciones sobre la promoci\u00f3n del inmueble propiedad del cliente.<\/p>\n\n\n\n<p>&#8211; Para la preparaci\u00f3n de contratos de arrendamiento, promesa de compraventa, compraventa, traspaso, proyectos de inversi\u00f3n sobre los inmuebles promovidos.<\/p>\n\n\n\n<p>&#8211; Para realizar cualquier gesti\u00f3n que permita confirmar la situaci\u00f3n legal del inmueble promovido.<\/p>\n\n\n\n<p>&#8211; Para coordinar citas con prospectos en el domicilio del inmueble propiedad del cliente y promovido.<\/p>\n\n\n\n<p>&#8211; Para intercambiar informaci\u00f3n y propuestas entre el prospecto y el cliente relacionados con el inmueble promovido.<\/p>\n\n\n\n<p>&#8211; Para investigar la integridad crediticia y legal del cliente.<\/p>\n\n\n\n<p>&#8211; Con la finalidad de cerrar todo tipo de operaciones inmobiliarias entre el prospecto y el cliente.<\/p>\n\n\n\n<p>&#8211; Para informarle de promociones, ofertas y lanzamientos.<\/p>\n\n\n\n<p>&#8211; Para realizar actividades de mercadeo y prospecci\u00f3n.<\/p>\n\n\n\n<p>&#8211; Para realizar an\u00e1lisis estad\u00edsticos y de mercado.<\/p>\n\n\n\n<p>&#8211; Para invitarle a eventos.<\/p>\n\n\n\n<p>&#8211; Para mantener actualizados nuestros registros.<\/p>\n\n\n\n<p>De igual forma los datos personales recabados tambi\u00e9n podr\u00e1n ser usados para atender requerimientos legales de autoridades competentes.<\/p>\n\n\n\n<p><strong>EXEPCIONES&nbsp;<\/strong><\/p>\n\n\n\n<p>Cabe se\u00f1alar que de conformidad con la ley existen supuestos en los cuales su consentimiento no es necesario para el tratamiento de sus datos personales, y por ello la ausencia del mismo o su negativa en su caso, no impide ni impedir\u00e1 que&nbsp;los trato (sus datos personales) en t\u00e9rminos de la ley y dem\u00e1s regulaciones que resulten aplicables.<\/p>\n\n\n\n<p><strong>OPCIONES Y MEDIOS QUE&nbsp;SE&nbsp;OFRECE PARA LIMITAR EL USO O DIVULGACION DE LOS DATOS PERSONALES.<\/strong><\/p>\n\n\n\n<p>Los datos personales ser\u00e1n tratados bajo la m\u00e1s estricta confidencialidad, cuidando las medidas de seguridad administrativas, f\u00edsicas y t\u00e9cnicas que&nbsp;implemento es mis pol\u00edticas y procedimientos de seguridad internos evitando la posible divulgaci\u00f3n il\u00edcita de datos y limitando su uso a lo establecido en el presente aviso de privacidad.<\/p>\n\n\n\n<p><strong>MEDIOS PARA EJERCER LOS DERECHOS<\/strong><\/p>\n\n\n\n<p>En cualquier momento, podr\u00e1n ejercer los derechos de acceso y rectificaci\u00f3n cuando consideren que son err\u00f3neos o inexactos, cancelaci\u00f3n en caso de que considere que los datos no son tratados de forma adecuada y oposici\u00f3n en caso de que no quieran que sus datos sean tratados para las finalidades espec\u00edficas. El ejercicio de uno de ellos no impide el ejercicio del otro y ninguno es presupuesto para el ejercicio de otro.<\/p>\n\n\n\n<p>Para ejercer sus derechos ARCO deber\u00e1; presentar su solicitud en nuestro domicilio ubicado en con domicilio en 148 Valle de San Andr\u00e9s, Valle Dorado, Bah\u00eda de Banderas, Nayarit, C.P. 63735 o enviarlo a nuestro departamento de datos personales al correo electr\u00f3nico\u00a0<a href=\"mailto:info@bayrealtymexico.com\">info@preventaspvr.com<\/a>\u00a0con atenci\u00f3n al departamento de protecci\u00f3n de datos.<\/p>\n\n\n\n<p>La solicitud deber\u00e1 contener los siguientes datos: <\/p>\n\n\n\n<p>&#8211; Nombre del titular <\/p>\n\n\n\n<p>&#8211; Domicilio y direcci\u00f3n de correo electr\u00f3nico para notificarle la respuesta a la solicitud <\/p>\n\n\n\n<p>&#8211; Una descripci\u00f3n clara y precisa de los datos respecto de los cuales se busque ejercer el derecho correspondiente <\/p>\n\n\n\n<p>&#8211; El objetivo de la solicitud <\/p>\n\n\n\n<p>&#8211; Cualquier elemento que facilite la localizaci\u00f3n de los datos y se deber\u00e1 anexar copia de su identificaci\u00f3n, y en su caso el documento mediante el cual se acredite la representaci\u00f3n legal.<\/p>\n\n\n\n<p>El plazo de respuesta de su solicitud ser\u00e1 de 20 d\u00edas h\u00e1biles contados a partir del d\u00eda en que se recibi\u00f3 la solicitud de acceso, rectificaci\u00f3n, cancelaci\u00f3n u oposici\u00f3n correspondiente. La respuesta le ser\u00e1 comunicada dentro del plazo antes mencionado a la direcci\u00f3n de correo electr\u00f3nico que proporciono en su solicitud o enviando carta al domicilio proporcionado en la misma. Una vez recibida dicha notificaci\u00f3n tendr\u00e1 un plazo de 15 d\u00edas h\u00e1biles para hacerla efectiva en caso de ser procedente.<\/p>\n\n\n\n<p>En cualquier momento podr\u00e1 revocar el consentimiento que nos ha otorgado para el tratamiento de sus datos personales, de tal forma que dejemos de hacer uso de los mismos. Para ello deber\u00e1 presentar una solicitud en los t\u00e9rminos mencionados para el ejercicio de los derechos ARCO. El procedimiento a seguir ser\u00e1 el mismo que el previsto para el ejercicio de los derechos ARCO. En caso de ser procedente su solicitud sus datos dejaran de ser tratados.<\/p>\n\n\n\n<p><strong>TRANSFERENCIAS DE DATOS&nbsp;<\/strong><\/p>\n\n\n\n<p>Sus datos personales podr\u00e1n ser transferidos a terceros nacionales o extranjeros en caso de ser necesario para el cumplimiento de las obligaciones contra\u00eddas en raz\u00f3n de la relaci\u00f3n&nbsp;en los t\u00e9rminos de la fracci\u00f3n VII del art\u00edculo 37 de la ley.<\/p>\n\n\n\n<p>Es importante hacer de su conocimiento, que cualquier tercero que en raz\u00f3n de transferencias realizadas&nbsp;reciba sus datos personales tendr\u00e1 las mismas obligaciones y responsabilidades que nosotros como responsables de sus datos y que el presente aviso de privacidad le ser\u00e1 comunicado a dicho tercero.<\/p>\n\n\n\n<p><strong>CAMBIOS AL AVISO DE PRIVACIDAD<\/strong><\/p>\n\n\n\n<p>De igual manera se les informa que el aviso de privacidad podr\u00e1 ser modificado en cualquier momento con la finalidad de atender novedades legislativas, as\u00ed como modificaci\u00f3n de pol\u00edticas internas.<\/p>\n\n\n\n<p>Si se llegaran a modificar las finalidades para las cuales se tratan sus datos personales, en caso de ser necesario se solicitar\u00e1 de nuevo su consentimiento ya sea expreso o t\u00e1cito atendiendo al caso part\u00edcular.<\/p>","protected":false},"excerpt":{"rendered":"<p>AVISO DE PRIVACIDAD CLIENTE De conformidad en lo dispuesto por la Ley Federal de Protecci\u00f3n de Datos Personales en Posesi\u00f3n de los Particulares en adelante denominada como \u201cLa Ley\u201d se emite el presente aviso de privacidad en los siguientes t\u00e9rminos: RESPONSABLE DE LOS DATOS PERSONALES Para efectos del presente aviso de privacidad Oscar Hugo Gonzalez [&hellip;]<\/p>\n","protected":false},"author":1,"featured_media":0,"parent":0,"menu_order":0,"comment_status":"closed","ping_status":"closed","template":"","meta":{"content-type":"","footnotes":""},"class_list":["post-20761","page","type-page","status-publish","hentry"],"yoast_head":"<!-- This site is optimized with the Yoast SEO plugin v27.5 - https:\/\/yoast.com\/product\/yoast-seo-wordpress\/ -->\n<title>- Preventas en Puerto Vallarta y Bah\u00eda de Banderas<\/title>\n<meta name=\"robots\" content=\"index, follow, max-snippet:-1, max-image-preview:large, max-video-preview:-1\" \/>\n<link rel=\"canonical\" href=\"https:\/\/preventaspvr.com\/en\/aviso-de-privacidad\/\" \/>\n<meta property=\"og:locale\" content=\"en_US\" \/>\n<meta property=\"og:type\" content=\"article\" \/>\n<meta property=\"og:title\" content=\"- Preventas en Puerto Vallarta y Bah\u00eda de Banderas\" \/>\n<meta property=\"og:description\" content=\"AVISO DE PRIVACIDAD CLIENTE De conformidad en lo dispuesto por la Ley Federal de Protecci\u00f3n de Datos Personales en Posesi\u00f3n de los Particulares en adelante denominada como \u201cLa Ley\u201d se emite el presente aviso de privacidad en los siguientes t\u00e9rminos: RESPONSABLE DE LOS DATOS PERSONALES Para efectos del presente aviso de privacidad Oscar Hugo Gonzalez [&hellip;]\" \/>\n<meta property=\"og:url\" content=\"https:\/\/preventaspvr.com\/en\/aviso-de-privacidad\/\" \/>\n<meta property=\"og:site_name\" content=\"Preventas en Puerto Vallarta y Bah\u00eda de Banderas\" \/>\n<meta property=\"article:modified_time\" content=\"2024-11-24T17:13:38+00:00\" \/>\n<meta name=\"twitter:card\" content=\"summary_large_image\" \/>\n<meta name=\"twitter:label1\" content=\"Est. reading time\" \/>\n\t<meta name=\"twitter:data1\" content=\"5 minutes\" \/>\n<script type=\"application\/ld+json\" class=\"yoast-schema-graph\">{\"@context\":\"https:\\\/\\\/schema.org\",\"@graph\":[{\"@type\":\"WebPage\",\"@id\":\"https:\\\/\\\/preventaspvr.com\\\/aviso-de-privacidad\\\/\",\"url\":\"https:\\\/\\\/preventaspvr.com\\\/aviso-de-privacidad\\\/\",\"name\":\"- Preventas en Puerto Vallarta y Bah\u00eda de Banderas\",\"isPartOf\":{\"@id\":\"https:\\\/\\\/preventaspvr.com\\\/#website\"},\"datePublished\":\"2023-09-10T23:33:39+00:00\",\"dateModified\":\"2024-11-24T17:13:38+00:00\",\"inLanguage\":\"en-US\",\"potentialAction\":[{\"@type\":\"ReadAction\",\"target\":[\"https:\\\/\\\/preventaspvr.com\\\/aviso-de-privacidad\\\/\"]}]},{\"@type\":\"WebSite\",\"@id\":\"https:\\\/\\\/preventaspvr.com\\\/#website\",\"url\":\"https:\\\/\\\/preventaspvr.com\\\/\",\"name\":\"Preventas Puerto Vallarta & Bah\u00eda de Banderas\",\"description\":\"Encuentra las mejores preventas!\",\"publisher\":{\"@id\":\"https:\\\/\\\/preventaspvr.com\\\/#\\\/schema\\\/person\\\/39c8c95bcaae5557116478fd0367a0b8\"},\"potentialAction\":[{\"@type\":\"SearchAction\",\"target\":{\"@type\":\"EntryPoint\",\"urlTemplate\":\"https:\\\/\\\/preventaspvr.com\\\/?s={search_term_string}\"},\"query-input\":{\"@type\":\"PropertyValueSpecification\",\"valueRequired\":true,\"valueName\":\"search_term_string\"}}],\"inLanguage\":\"en-US\"},{\"@type\":[\"Person\",\"Organization\"],\"@id\":\"https:\\\/\\\/preventaspvr.com\\\/#\\\/schema\\\/person\\\/39c8c95bcaae5557116478fd0367a0b8\",\"name\":\"oscar-glez-p_outlook-com\",\"image\":{\"@type\":\"ImageObject\",\"inLanguage\":\"en-US\",\"@id\":\"https:\\\/\\\/secure.gravatar.com\\\/avatar\\\/95794c127918234f2ef51b7c2ca83795a81f0b7040281acbf6ce051796412a02?s=96&d=mm&r=g\",\"url\":\"https:\\\/\\\/secure.gravatar.com\\\/avatar\\\/95794c127918234f2ef51b7c2ca83795a81f0b7040281acbf6ce051796412a02?s=96&d=mm&r=g\",\"contentUrl\":\"https:\\\/\\\/secure.gravatar.com\\\/avatar\\\/95794c127918234f2ef51b7c2ca83795a81f0b7040281acbf6ce051796412a02?s=96&d=mm&r=g\",\"caption\":\"oscar-glez-p_outlook-com\"},\"logo\":{\"@id\":\"https:\\\/\\\/secure.gravatar.com\\\/avatar\\\/95794c127918234f2ef51b7c2ca83795a81f0b7040281acbf6ce051796412a02?s=96&d=mm&r=g\"}}]}<\/script>\n<!-- \/ Yoast SEO plugin. -->","yoast_head_json":{"title":"- Preventas en Puerto Vallarta y Bah\u00eda de Banderas","robots":{"index":"index","follow":"follow","max-snippet":"max-snippet:-1","max-image-preview":"max-image-preview:large","max-video-preview":"max-video-preview:-1"},"canonical":"https:\/\/preventaspvr.com\/en\/aviso-de-privacidad\/","og_locale":"en_US","og_type":"article","og_title":"- Preventas en Puerto Vallarta y Bah\u00eda de Banderas","og_description":"AVISO DE PRIVACIDAD CLIENTE De conformidad en lo dispuesto por la Ley Federal de Protecci\u00f3n de Datos Personales en Posesi\u00f3n de los Particulares en adelante denominada como \u201cLa Ley\u201d se emite el presente aviso de privacidad en los siguientes t\u00e9rminos: RESPONSABLE DE LOS DATOS PERSONALES Para efectos del presente aviso de privacidad Oscar Hugo Gonzalez [&hellip;]","og_url":"https:\/\/preventaspvr.com\/en\/aviso-de-privacidad\/","og_site_name":"Preventas en Puerto Vallarta y Bah\u00eda de Banderas","article_modified_time":"2024-11-24T17:13:38+00:00","twitter_card":"summary_large_image","twitter_misc":{"Est. reading time":"5 minutes"},"schema":{"@context":"https:\/\/schema.org","@graph":[{"@type":"WebPage","@id":"https:\/\/preventaspvr.com\/aviso-de-privacidad\/","url":"https:\/\/preventaspvr.com\/aviso-de-privacidad\/","name":"- Preventas en Puerto Vallarta y Bah\u00eda de Banderas","isPartOf":{"@id":"https:\/\/preventaspvr.com\/#website"},"datePublished":"2023-09-10T23:33:39+00:00","dateModified":"2024-11-24T17:13:38+00:00","inLanguage":"en-US","potentialAction":[{"@type":"ReadAction","target":["https:\/\/preventaspvr.com\/aviso-de-privacidad\/"]}]},{"@type":"WebSite","@id":"https:\/\/preventaspvr.com\/#website","url":"https:\/\/preventaspvr.com\/","name":"Preventas Puerto Vallarta & Bah\u00eda de Banderas","description":"Encuentra las mejores preventas!","publisher":{"@id":"https:\/\/preventaspvr.com\/#\/schema\/person\/39c8c95bcaae5557116478fd0367a0b8"},"potentialAction":[{"@type":"SearchAction","target":{"@type":"EntryPoint","urlTemplate":"https:\/\/preventaspvr.com\/?s={search_term_string}"},"query-input":{"@type":"PropertyValueSpecification","valueRequired":true,"valueName":"search_term_string"}}],"inLanguage":"en-US"},{"@type":["Person","Organization"],"@id":"https:\/\/preventaspvr.com\/#\/schema\/person\/39c8c95bcaae5557116478fd0367a0b8","name":"oscar-glez-p_outlook-com","image":{"@type":"ImageObject","inLanguage":"en-US","@id":"https:\/\/secure.gravatar.com\/avatar\/95794c127918234f2ef51b7c2ca83795a81f0b7040281acbf6ce051796412a02?s=96&d=mm&r=g","url":"https:\/\/secure.gravatar.com\/avatar\/95794c127918234f2ef51b7c2ca83795a81f0b7040281acbf6ce051796412a02?s=96&d=mm&r=g","contentUrl":"https:\/\/secure.gravatar.com\/avatar\/95794c127918234f2ef51b7c2ca83795a81f0b7040281acbf6ce051796412a02?s=96&d=mm&r=g","caption":"oscar-glez-p_outlook-com"},"logo":{"@id":"https:\/\/secure.gravatar.com\/avatar\/95794c127918234f2ef51b7c2ca83795a81f0b7040281acbf6ce051796412a02?s=96&d=mm&r=g"}}]}},"_links":{"self":[{"href":"https:\/\/preventaspvr.com\/en\/wp-json\/wp\/v2\/pages\/20761","targetHints":{"allow":["GET"]}}],"collection":[{"href":"https:\/\/preventaspvr.com\/en\/wp-json\/wp\/v2\/pages"}],"about":[{"href":"https:\/\/preventaspvr.com\/en\/wp-json\/wp\/v2\/types\/page"}],"author":[{"embeddable":true,"href":"https:\/\/preventaspvr.com\/en\/wp-json\/wp\/v2\/users\/1"}],"replies":[{"embeddable":true,"href":"https:\/\/preventaspvr.com\/en\/wp-json\/wp\/v2\/comments?post=20761"}],"version-history":[{"count":6,"href":"https:\/\/preventaspvr.com\/en\/wp-json\/wp\/v2\/pages\/20761\/revisions"}],"predecessor-version":[{"id":23174,"href":"https:\/\/preventaspvr.com\/en\/wp-json\/wp\/v2\/pages\/20761\/revisions\/23174"}],"wp:attachment":[{"href":"https:\/\/preventaspvr.com\/en\/wp-json\/wp\/v2\/media?parent=20761"}],"curies":[{"name":"wp","href":"https:\/\/api.w.org\/{rel}","templated":true}]}}