{"id":18411,"date":"2023-04-20T16:49:30","date_gmt":"2023-04-20T16:49:30","guid":{"rendered":"https:\/\/preventaspvr.com\/?page_id=18411"},"modified":"2023-04-20T16:56:12","modified_gmt":"2023-04-20T16:56:12","slug":"departamentos-vista-bucerias","status":"publish","type":"page","link":"https:\/\/preventaspvr.com\/en\/departamentos-vista-bucerias\/","title":{"rendered":"Departamentos Vista Bucer\u00edas"},"content":{"rendered":"<div data-elementor-type=\"wp-page\" data-elementor-id=\"18411\" class=\"elementor elementor-18411\" data-elementor-post-type=\"page\">\n\t\t\t\t\t\t<section class=\"elementor-section elementor-top-section elementor-element elementor-element-766c13d9 elementor-section-height-min-height elementor-section-boxed elementor-section-height-default elementor-section-items-middle\" data-id=\"766c13d9\" data-element_type=\"section\" data-e-type=\"section\" data-settings=\"{&quot;background_background&quot;:&quot;classic&quot;}\">\n\t\t\t\t\t\t\t<div class=\"elementor-background-overlay\"><\/div>\n\t\t\t\t\t\t\t<div class=\"elementor-container elementor-column-gap-default\">\n\t\t\t\t\t<div class=\"elementor-column elementor-col-100 elementor-top-column elementor-element elementor-element-3988b7e3\" data-id=\"3988b7e3\" data-element_type=\"column\" data-e-type=\"column\">\n\t\t\t<div class=\"elementor-widget-wrap elementor-element-populated\">\n\t\t\t\t\t\t<section class=\"elementor-section elementor-inner-section elementor-element elementor-element-6389be5a elementor-section-boxed elementor-section-height-default elementor-section-height-default\" data-id=\"6389be5a\" data-element_type=\"section\" data-e-type=\"section\">\n\t\t\t\t\t\t<div class=\"elementor-container elementor-column-gap-default\">\n\t\t\t\t\t<div class=\"elementor-column elementor-col-100 elementor-inner-column elementor-element elementor-element-291fa298\" data-id=\"291fa298\" data-element_type=\"column\" data-e-type=\"column\">\n\t\t\t<div class=\"elementor-widget-wrap elementor-element-populated\">\n\t\t\t\t\t\t<div class=\"elementor-element elementor-element-430f3410 elementor-widget-divider--view-line elementor-widget elementor-widget-divider\" data-id=\"430f3410\" data-element_type=\"widget\" data-e-type=\"widget\" data-widget_type=\"divider.default\">\n\t\t\t\t<div class=\"elementor-widget-container\">\n\t\t\t\t\t\t\t<div class=\"elementor-divider\">\n\t\t\t<span class=\"elementor-divider-separator\">\n\t\t\t\t\t\t<\/span>\n\t\t<\/div>\n\t\t\t\t\t\t<\/div>\n\t\t\t\t<\/div>\n\t\t\t\t<div class=\"elementor-element elementor-element-18e67e88 elementor-widget elementor-widget-houzez_elementor_section_title\" data-id=\"18e67e88\" data-element_type=\"widget\" data-e-type=\"widget\" data-widget_type=\"houzez_elementor_section_title.default\">\n\t\t\t\t<div class=\"elementor-widget-container\">\n\t\t\t\t\t            <div class=\"houzez_section_title_wrap section-title-module\">\n                                    <h2 class=\"houzez_section_title\">Vista Bucer\u00edas<\/h2>\n                \n                                    <p class=\"houzez_section_subtitle\">Bucer\u00edas, Nayarit<\/p>\n                            <\/div>\n            \t\t\t\t<\/div>\n\t\t\t\t<\/div>\n\t\t\t\t\t<\/div>\n\t\t<\/div>\n\t\t\t\t\t<\/div>\n\t\t<\/section>\n\t\t\t\t\t<\/div>\n\t\t<\/div>\n\t\t\t\t\t<\/div>\n\t\t<\/section>\n\t\t\t\t<section class=\"elementor-section elementor-top-section elementor-element elementor-element-3251acb8 elementor-section-boxed elementor-section-height-default elementor-section-height-default\" data-id=\"3251acb8\" data-element_type=\"section\" data-e-type=\"section\">\n\t\t\t\t\t\t<div class=\"elementor-container elementor-column-gap-default\">\n\t\t\t\t\t<div class=\"elementor-column elementor-col-100 elementor-top-column elementor-element elementor-element-5caba43c\" data-id=\"5caba43c\" data-element_type=\"column\" data-e-type=\"column\">\n\t\t\t<div class=\"elementor-widget-wrap elementor-element-populated\">\n\t\t\t\t\t\t<div class=\"elementor-element elementor-element-4a82ff46 elementor-widget elementor-widget-houzez_elementor_property-card-v6\" data-id=\"4a82ff46\" data-element_type=\"widget\" data-e-type=\"widget\" data-widget_type=\"houzez_elementor_property-card-v6.default\">\n\t\t\t\t<div class=\"elementor-widget-container\">\n\t\t\t\t\t    <div id=\"properties_module_section\" class=\"property-cards-module property-cards-module-v6 property-cards-module-col-3\">\n        <div id=\"module_properties\" class=\"listing-view grid-view row row-cols-1 row-cols-md-2 row-cols-lg-3 gy-4 gx-4\">\n            <div class=\"p-4 bg-white\">\n\t<p class=\"text-center my-4 fs-5\">No listing found.<\/p>\n<\/div>        <\/div><!-- listing-view -->\n\n            <\/div><!-- property-grid-module -->\n    \t\t\t\t<\/div>\n\t\t\t\t<\/div>\n\t\t\t\t<div class=\"elementor-element elementor-element-42f409de elementor-widget elementor-widget-houzez_elementor_space\" data-id=\"42f409de\" data-element_type=\"widget\" data-e-type=\"widget\" data-widget_type=\"houzez_elementor_space.default\">\n\t\t\t\t<div class=\"elementor-widget-container\">\n\t\t\t\t\t        <div class=\"houzez-spacer\">\n            <div class=\"houzez-spacer-inner\"><\/div>\n        <\/div>\n        \t\t\t\t<\/div>\n\t\t\t\t<\/div>\n\t\t\t\t\t<\/div>\n\t\t<\/div>\n\t\t\t\t\t<\/div>\n\t\t<\/section>\n\t\t\t\t<section class=\"elementor-section elementor-top-section elementor-element elementor-element-5f362e60 elementor-section-full_width elementor-section-height-default elementor-section-height-default\" data-id=\"5f362e60\" data-element_type=\"section\" data-e-type=\"section\" data-settings=\"{&quot;background_background&quot;:&quot;classic&quot;}\">\n\t\t\t\t\t\t\t<div class=\"elementor-background-overlay\"><\/div>\n\t\t\t\t\t\t\t<div class=\"elementor-container elementor-column-gap-default\">\n\t\t\t\t\t<div class=\"elementor-column elementor-col-100 elementor-top-column elementor-element elementor-element-1f7e459a\" data-id=\"1f7e459a\" data-element_type=\"column\" data-e-type=\"column\">\n\t\t\t<div class=\"elementor-widget-wrap elementor-element-populated\">\n\t\t\t\t\t\t<div class=\"elementor-element elementor-element-59e01630 elementor-widget elementor-widget-spacer\" data-id=\"59e01630\" data-element_type=\"widget\" data-e-type=\"widget\" data-widget_type=\"spacer.default\">\n\t\t\t\t<div class=\"elementor-widget-container\">\n\t\t\t\t\t\t\t<div class=\"elementor-spacer\">\n\t\t\t<div class=\"elementor-spacer-inner\"><\/div>\n\t\t<\/div>\n\t\t\t\t\t\t<\/div>\n\t\t\t\t<\/div>\n\t\t\t\t<div class=\"elementor-element elementor-element-61241c5a elementor-widget elementor-widget-houzez_elementor_section_title\" data-id=\"61241c5a\" data-element_type=\"widget\" data-e-type=\"widget\" data-widget_type=\"houzez_elementor_section_title.default\">\n\t\t\t\t<div class=\"elementor-widget-container\">\n\t\t\t\t\t            <div class=\"houzez_section_title_wrap section-title-module\">\n                                    <h2 class=\"houzez_section_title\">Visita Vista Bucer\u00edas<\/h2>\n                \n                            <\/div>\n            \t\t\t\t<\/div>\n\t\t\t\t<\/div>\n\t\t\t\t<div class=\"elementor-element elementor-element-14f0619c elementor-widget-divider--view-line elementor-widget elementor-widget-divider\" data-id=\"14f0619c\" data-element_type=\"widget\" data-e-type=\"widget\" data-widget_type=\"divider.default\">\n\t\t\t\t<div class=\"elementor-widget-container\">\n\t\t\t\t\t\t\t<div class=\"elementor-divider\">\n\t\t\t<span class=\"elementor-divider-separator\">\n\t\t\t\t\t\t<\/span>\n\t\t<\/div>\n\t\t\t\t\t\t<\/div>\n\t\t\t\t<\/div>\n\t\t\t\t<div class=\"elementor-element elementor-element-f9698a0 elementor-widget elementor-widget-google_maps\" data-id=\"f9698a0\" data-element_type=\"widget\" data-e-type=\"widget\" data-widget_type=\"google_maps.default\">\n\t\t\t\t<div class=\"elementor-widget-container\">\n\t\t\t\t\t\t\t<div class=\"elementor-custom-embed\">\n\t\t\t<iframe loading=\"lazy\"\n\t\t\t\t\tsrc=\"https:\/\/maps.google.com\/maps?q=Vista%20Bucer%C3%ADas&#038;t=m&#038;z=10&#038;output=embed&#038;iwloc=near\"\n\t\t\t\t\ttitle=\"Vista Bucer\u00edas\"\n\t\t\t\t\taria-label=\"Vista Bucer\u00edas\"\n\t\t\t><\/iframe>\n\t\t<\/div>\n\t\t\t\t\t\t<\/div>\n\t\t\t\t<\/div>\n\t\t\t\t<div class=\"elementor-element elementor-element-316201ff elementor-widget elementor-widget-spacer\" data-id=\"316201ff\" data-element_type=\"widget\" data-e-type=\"widget\" data-widget_type=\"spacer.default\">\n\t\t\t\t<div class=\"elementor-widget-container\">\n\t\t\t\t\t\t\t<div class=\"elementor-spacer\">\n\t\t\t<div class=\"elementor-spacer-inner\"><\/div>\n\t\t<\/div>\n\t\t\t\t\t\t<\/div>\n\t\t\t\t<\/div>\n\t\t\t\t\t<\/div>\n\t\t<\/div>\n\t\t\t\t\t<\/div>\n\t\t<\/section>\n\t\t\t\t<section class=\"elementor-section elementor-top-section elementor-element elementor-element-7e06543 elementor-section-boxed elementor-section-height-default elementor-section-height-default\" data-id=\"7e06543\" data-element_type=\"section\" data-e-type=\"section\" data-settings=\"{&quot;background_background&quot;:&quot;classic&quot;,&quot;animation&quot;:&quot;none&quot;}\">\n\t\t\t\t\t\t\t<div class=\"elementor-background-overlay\"><\/div>\n\t\t\t\t\t\t\t<div class=\"elementor-container elementor-column-gap-no\">\n\t\t\t\t\t<div class=\"elementor-column elementor-col-100 elementor-top-column elementor-element elementor-element-b29f30a\" data-id=\"b29f30a\" data-element_type=\"column\" data-e-type=\"column\">\n\t\t\t<div class=\"elementor-widget-wrap elementor-element-populated\">\n\t\t\t\t\t\t<div class=\"elementor-element elementor-element-d3cc203 elementor-widget elementor-widget-spacer\" data-id=\"d3cc203\" data-element_type=\"widget\" data-e-type=\"widget\" data-widget_type=\"spacer.default\">\n\t\t\t\t<div class=\"elementor-widget-container\">\n\t\t\t\t\t\t\t<div class=\"elementor-spacer\">\n\t\t\t<div class=\"elementor-spacer-inner\"><\/div>\n\t\t<\/div>\n\t\t\t\t\t\t<\/div>\n\t\t\t\t<\/div>\n\t\t\t\t<section class=\"elementor-section elementor-inner-section elementor-element elementor-element-5953e27 elementor-section-boxed elementor-section-height-default elementor-section-height-default elementor-invisible\" data-id=\"5953e27\" data-element_type=\"section\" data-e-type=\"section\" data-settings=\"{&quot;animation&quot;:&quot;fadeIn&quot;}\">\n\t\t\t\t\t\t<div class=\"elementor-container elementor-column-gap-default\">\n\t\t\t\t\t<div class=\"elementor-column elementor-col-100 elementor-inner-column elementor-element elementor-element-98455e2\" data-id=\"98455e2\" data-element_type=\"column\" data-e-type=\"column\">\n\t\t\t<div class=\"elementor-widget-wrap elementor-element-populated\">\n\t\t\t\t\t\t<div class=\"elementor-element elementor-element-e26d524 elementor-widget elementor-widget-houzez_elementor_section_title\" data-id=\"e26d524\" data-element_type=\"widget\" data-e-type=\"widget\" data-widget_type=\"houzez_elementor_section_title.default\">\n\t\t\t\t<div class=\"elementor-widget-container\">\n\t\t\t\t\t            <div class=\"houzez_section_title_wrap section-title-module\">\n                                    <h2 class=\"houzez_section_title\">Want more information?<\/h2>\n                \n                                    <p class=\"houzez_section_subtitle\">Fill in the form. I will contact you.<\/p>\n                            <\/div>\n            \t\t\t\t<\/div>\n\t\t\t\t<\/div>\n\t\t\t\t<div class=\"elementor-element elementor-element-c7d6df7 elementor-button-align-stretch elementor-widget elementor-widget-houzez_elementor_contact_form\" data-id=\"c7d6df7\" data-element_type=\"widget\" data-e-type=\"widget\" data-widget_type=\"houzez_elementor_contact_form.default\">\n\t\t\t\t<div class=\"elementor-widget-container\">\n\t\t\t\t\t\n        <script type=\"application\/javascript\">\n            jQuery(document).bind(\"ready\", function () {\n                houzezValidateElementor(\"#houzez-form-c7d6df7\" );\n            });\n        <\/script>\n\n        <form class=\"elementor-form houzez-ele-form-js\" id=\"houzez-form-c7d6df7\" method=\"post\" name=\"New Form\" action=\"https:\/\/preventaspvr.com\/wp-admin\/admin-ajax.php\">\n            <input type=\"hidden\" name=\"form_id\" value=\"c7d6df7\"\/>\n            <input type=\"hidden\" name=\"houzez_contact_form\" value=\"yes\"\/>\n            <input type=\"hidden\" name=\"action\" value=\"houzez_ele_contact_form\" \/>\n            <input type=\"hidden\" name=\"source_link\" value=\"https:\/\/preventaspvr.com\/en\/departamentos-vista-bucerias\/\" \/>\n            <input type=\"hidden\" name=\"lead_page_id\" value=\"18411\" \/>\n            <input type=\"hidden\" name=\"webhook\" value=\"false\" \/>\n            <input type=\"hidden\" name=\"webhook_url\" value=\"\" \/>\n            <input type=\"hidden\" name=\"redirect_to\" value=\"\" \/>\n            <input type=\"hidden\" name=\"google_recaptcha\" value=\"false\" \/>\n            \n\n            <div class=\"elementor-form-fields-wrapper elementor-labels-above\">\n\n                                    <div class=\"elementor-field-group elementor-column form-group elementor-field-group-name elementor-col-25 elementor-field-required\">\n                    <label for=\"form-field-name\" class=\"form-label elementor-field-label elementor-screen-only\">Name<\/label><input type=\"text\" name=\"name\" id=\"form-field-name\" class=\"elementor-field form-control elementor-size-md elementor-field-textual\" placeholder=\"Name\" title=\"* Name\" required=\"required\">                    <\/div>\n\n                                        <div class=\"elementor-field-group elementor-column form-group elementor-field-group-email elementor-col-25 elementor-field-required\">\n                    <label for=\"form-field-email\" class=\"form-label elementor-field-label elementor-screen-only\">Email<\/label><input type=\"email\" name=\"email\" id=\"form-field-email\" class=\"elementor-field form-control elementor-size-md elementor-field-textual\" placeholder=\"Email\" title=\"* Email\" required=\"required\">                    <\/div>\n\n                                        <div class=\"elementor-field-group elementor-column form-group elementor-field-group-949ccea elementor-col-25 elementor-field-required\">\n                    <label for=\"form-field-949ccea\" class=\"form-label elementor-field-label elementor-screen-only\">Phone<\/label><input type=\"text\" name=\"mobile\" id=\"form-field-949ccea\" class=\"elementor-field form-control elementor-size-md elementor-field-textual\" placeholder=\"N\u00famero de celular\" title=\"* Phone\" required=\"required\">                    <\/div>\n\n                    \n                    \n                    \n                    \n                    <div class=\"elementor-field-group elementor-column elementor-field-type-submit elementor-col-25\">\n                    <button type=\"submit\" class=\"houzez-submit-button houzez-contact-form-js elementor-button elementor-size-md\">\n                        <i class=\"houzez-loader-js houzez-hidden spinner-border spinner-border-sm\"><\/i>\n                                                    Receive more information                                            <\/button>\n                <\/div>\n            <\/div><!-- End wrapper-->\n            <br\/>\n            <div class=\"ele-form-messages\"><\/div>\n            <div class=\"error-container\"><\/div>\n\n        <\/form>\n\n    \t\t\t\t<\/div>\n\t\t\t\t<\/div>\n\t\t\t\t\t<\/div>\n\t\t<\/div>\n\t\t\t\t\t<\/div>\n\t\t<\/section>\n\t\t\t\t<div class=\"elementor-element elementor-element-598f90f elementor-widget elementor-widget-spacer\" data-id=\"598f90f\" data-element_type=\"widget\" data-e-type=\"widget\" data-widget_type=\"spacer.default\">\n\t\t\t\t<div class=\"elementor-widget-container\">\n\t\t\t\t\t\t\t<div class=\"elementor-spacer\">\n\t\t\t<div class=\"elementor-spacer-inner\"><\/div>\n\t\t<\/div>\n\t\t\t\t\t\t<\/div>\n\t\t\t\t<\/div>\n\t\t\t\t\t<\/div>\n\t\t<\/div>\n\t\t\t\t\t<\/div>\n\t\t<\/section>\n\t\t\t\t<\/div>","protected":false},"excerpt":{"rendered":"<p>Vista Bucer\u00edas Bucer\u00edas, Nayarit Preventa Pet Friendly Vista Bucer\u00edas Vista Bucer\u00edas 103-B $3,985,000 Camas: 2 Ba\u00f1os: 2 Estacionamiento: 1 75 m\u00b2 Preventa Increible vista Pet Friendly Vista Bucer\u00edas Vista Bucer\u00edas 401 $4,650,000 Camas: 2 Ba\u00f1os: 2 Estacionamiento: 1 79 m\u00b2 Preventa Increible vista Pet Friendly Vista Bucer\u00edas Vista Bucer\u00edas 402-A $4,400,000 Camas: 2 Ba\u00f1os: 2 [&hellip;]<\/p>\n","protected":false},"author":1,"featured_media":0,"parent":0,"menu_order":0,"comment_status":"closed","ping_status":"closed","template":"elementor_header_footer","meta":{"content-type":"","footnotes":""},"class_list":["post-18411","page","type-page","status-publish","hentry"],"yoast_head":"<!-- This site is optimized with the Yoast SEO plugin v27.2 - https:\/\/yoast.com\/product\/yoast-seo-wordpress\/ -->\n<title>Departamentos Vista Bucer\u00edas - Preventas en Puerto Vallarta y Bah\u00eda de Banderas<\/title>\n<meta name=\"robots\" content=\"index, follow, max-snippet:-1, max-image-preview:large, max-video-preview:-1\" \/>\n<link rel=\"canonical\" href=\"https:\/\/preventaspvr.com\/en\/departamentos-vista-bucerias\/\" \/>\n<meta property=\"og:locale\" content=\"en_US\" \/>\n<meta property=\"og:type\" content=\"article\" \/>\n<meta property=\"og:title\" content=\"Departamentos Vista Bucer\u00edas - Preventas en Puerto Vallarta y Bah\u00eda de Banderas\" \/>\n<meta property=\"og:description\" content=\"Vista Bucer\u00edas Bucer\u00edas, Nayarit Preventa Pet Friendly Vista Bucer\u00edas Vista Bucer\u00edas 103-B $3,985,000 Camas: 2 Ba\u00f1os: 2 Estacionamiento: 1 75 m\u00b2 Preventa Increible vista Pet Friendly Vista Bucer\u00edas Vista Bucer\u00edas 401 $4,650,000 Camas: 2 Ba\u00f1os: 2 Estacionamiento: 1 79 m\u00b2 Preventa Increible vista Pet Friendly Vista Bucer\u00edas Vista Bucer\u00edas 402-A $4,400,000 Camas: 2 Ba\u00f1os: 2 [&hellip;]\" \/>\n<meta property=\"og:url\" content=\"https:\/\/preventaspvr.com\/en\/departamentos-vista-bucerias\/\" \/>\n<meta property=\"og:site_name\" content=\"Preventas en Puerto Vallarta y Bah\u00eda de Banderas\" \/>\n<meta property=\"article:modified_time\" content=\"2023-04-20T16:56:12+00:00\" \/>\n<meta property=\"og:image\" content=\"https:\/\/preventaspvr.com\/wp-content\/uploads\/2023\/04\/5-2-584x438.png\" \/>\n<meta name=\"twitter:card\" content=\"summary_large_image\" \/>\n<script type=\"application\/ld+json\" class=\"yoast-schema-graph\">{\"@context\":\"https:\/\/schema.org\",\"@graph\":[{\"@type\":\"WebPage\",\"@id\":\"https:\/\/preventaspvr.com\/departamentos-vista-bucerias\/\",\"url\":\"https:\/\/preventaspvr.com\/departamentos-vista-bucerias\/\",\"name\":\"Departamentos Vista Bucer\u00edas - Preventas en Puerto Vallarta y Bah\u00eda de Banderas\",\"isPartOf\":{\"@id\":\"https:\/\/preventaspvr.com\/#website\"},\"primaryImageOfPage\":{\"@id\":\"https:\/\/preventaspvr.com\/departamentos-vista-bucerias\/#primaryimage\"},\"image\":{\"@id\":\"https:\/\/preventaspvr.com\/departamentos-vista-bucerias\/#primaryimage\"},\"thumbnailUrl\":\"https:\/\/preventaspvr.com\/wp-content\/uploads\/2023\/04\/5-2-584x438.png\",\"datePublished\":\"2023-04-20T16:49:30+00:00\",\"dateModified\":\"2023-04-20T16:56:12+00:00\",\"breadcrumb\":{\"@id\":\"https:\/\/preventaspvr.com\/departamentos-vista-bucerias\/#breadcrumb\"},\"inLanguage\":\"en-US\",\"potentialAction\":[{\"@type\":\"ReadAction\",\"target\":[\"https:\/\/preventaspvr.com\/departamentos-vista-bucerias\/\"]}]},{\"@type\":\"ImageObject\",\"inLanguage\":\"en-US\",\"@id\":\"https:\/\/preventaspvr.com\/departamentos-vista-bucerias\/#primaryimage\",\"url\":\"https:\/\/preventaspvr.com\/wp-content\/uploads\/2023\/04\/5-2-584x438.png\",\"contentUrl\":\"https:\/\/preventaspvr.com\/wp-content\/uploads\/2023\/04\/5-2-584x438.png\"},{\"@type\":\"BreadcrumbList\",\"@id\":\"https:\/\/preventaspvr.com\/departamentos-vista-bucerias\/#breadcrumb\",\"itemListElement\":[{\"@type\":\"ListItem\",\"position\":1,\"name\":\"Inicio\",\"item\":\"https:\/\/preventaspvr.com\/\"},{\"@type\":\"ListItem\",\"position\":2,\"name\":\"Departamentos Vista Bucer\u00edas\"}]},{\"@type\":\"WebSite\",\"@id\":\"https:\/\/preventaspvr.com\/#website\",\"url\":\"https:\/\/preventaspvr.com\/\",\"name\":\"Preventas Puerto Vallarta & Bah\u00eda de Banderas\",\"description\":\"Encuentra las mejores preventas!\",\"publisher\":{\"@id\":\"https:\/\/preventaspvr.com\/#\/schema\/person\/39c8c95bcaae5557116478fd0367a0b8\"},\"potentialAction\":[{\"@type\":\"SearchAction\",\"target\":{\"@type\":\"EntryPoint\",\"urlTemplate\":\"https:\/\/preventaspvr.com\/?s={search_term_string}\"},\"query-input\":{\"@type\":\"PropertyValueSpecification\",\"valueRequired\":true,\"valueName\":\"search_term_string\"}}],\"inLanguage\":\"en-US\"},{\"@type\":[\"Person\",\"Organization\"],\"@id\":\"https:\/\/preventaspvr.com\/#\/schema\/person\/39c8c95bcaae5557116478fd0367a0b8\",\"name\":\"oscar-glez-p_outlook-com\",\"image\":{\"@type\":\"ImageObject\",\"inLanguage\":\"en-US\",\"@id\":\"https:\/\/secure.gravatar.com\/avatar\/95794c127918234f2ef51b7c2ca83795a81f0b7040281acbf6ce051796412a02?s=96&d=mm&r=g\",\"url\":\"https:\/\/secure.gravatar.com\/avatar\/95794c127918234f2ef51b7c2ca83795a81f0b7040281acbf6ce051796412a02?s=96&d=mm&r=g\",\"contentUrl\":\"https:\/\/secure.gravatar.com\/avatar\/95794c127918234f2ef51b7c2ca83795a81f0b7040281acbf6ce051796412a02?s=96&d=mm&r=g\",\"caption\":\"oscar-glez-p_outlook-com\"},\"logo\":{\"@id\":\"https:\/\/secure.gravatar.com\/avatar\/95794c127918234f2ef51b7c2ca83795a81f0b7040281acbf6ce051796412a02?s=96&d=mm&r=g\"}}]}<\/script>\n<!-- \/ Yoast SEO plugin. -->","yoast_head_json":{"title":"Departamentos Vista Bucer\u00edas - Preventas en Puerto Vallarta y Bah\u00eda de Banderas","robots":{"index":"index","follow":"follow","max-snippet":"max-snippet:-1","max-image-preview":"max-image-preview:large","max-video-preview":"max-video-preview:-1"},"canonical":"https:\/\/preventaspvr.com\/en\/departamentos-vista-bucerias\/","og_locale":"en_US","og_type":"article","og_title":"Departamentos Vista Bucer\u00edas - Preventas en Puerto Vallarta y Bah\u00eda de Banderas","og_description":"Vista Bucer\u00edas Bucer\u00edas, Nayarit Preventa Pet Friendly Vista Bucer\u00edas Vista Bucer\u00edas 103-B $3,985,000 Camas: 2 Ba\u00f1os: 2 Estacionamiento: 1 75 m\u00b2 Preventa Increible vista Pet Friendly Vista Bucer\u00edas Vista Bucer\u00edas 401 $4,650,000 Camas: 2 Ba\u00f1os: 2 Estacionamiento: 1 79 m\u00b2 Preventa Increible vista Pet Friendly Vista Bucer\u00edas Vista Bucer\u00edas 402-A $4,400,000 Camas: 2 Ba\u00f1os: 2 [&hellip;]","og_url":"https:\/\/preventaspvr.com\/en\/departamentos-vista-bucerias\/","og_site_name":"Preventas en Puerto Vallarta y Bah\u00eda de Banderas","article_modified_time":"2023-04-20T16:56:12+00:00","og_image":[{"url":"https:\/\/preventaspvr.com\/wp-content\/uploads\/2023\/04\/5-2-584x438.png","type":"","width":"","height":""}],"twitter_card":"summary_large_image","schema":{"@context":"https:\/\/schema.org","@graph":[{"@type":"WebPage","@id":"https:\/\/preventaspvr.com\/departamentos-vista-bucerias\/","url":"https:\/\/preventaspvr.com\/departamentos-vista-bucerias\/","name":"Departamentos Vista Bucer\u00edas - Preventas en Puerto Vallarta y Bah\u00eda de Banderas","isPartOf":{"@id":"https:\/\/preventaspvr.com\/#website"},"primaryImageOfPage":{"@id":"https:\/\/preventaspvr.com\/departamentos-vista-bucerias\/#primaryimage"},"image":{"@id":"https:\/\/preventaspvr.com\/departamentos-vista-bucerias\/#primaryimage"},"thumbnailUrl":"https:\/\/preventaspvr.com\/wp-content\/uploads\/2023\/04\/5-2-584x438.png","datePublished":"2023-04-20T16:49:30+00:00","dateModified":"2023-04-20T16:56:12+00:00","breadcrumb":{"@id":"https:\/\/preventaspvr.com\/departamentos-vista-bucerias\/#breadcrumb"},"inLanguage":"en-US","potentialAction":[{"@type":"ReadAction","target":["https:\/\/preventaspvr.com\/departamentos-vista-bucerias\/"]}]},{"@type":"ImageObject","inLanguage":"en-US","@id":"https:\/\/preventaspvr.com\/departamentos-vista-bucerias\/#primaryimage","url":"https:\/\/preventaspvr.com\/wp-content\/uploads\/2023\/04\/5-2-584x438.png","contentUrl":"https:\/\/preventaspvr.com\/wp-content\/uploads\/2023\/04\/5-2-584x438.png"},{"@type":"BreadcrumbList","@id":"https:\/\/preventaspvr.com\/departamentos-vista-bucerias\/#breadcrumb","itemListElement":[{"@type":"ListItem","position":1,"name":"Inicio","item":"https:\/\/preventaspvr.com\/"},{"@type":"ListItem","position":2,"name":"Departamentos Vista Bucer\u00edas"}]},{"@type":"WebSite","@id":"https:\/\/preventaspvr.com\/#website","url":"https:\/\/preventaspvr.com\/","name":"Preventas Puerto Vallarta & Bah\u00eda de Banderas","description":"Encuentra las mejores preventas!","publisher":{"@id":"https:\/\/preventaspvr.com\/#\/schema\/person\/39c8c95bcaae5557116478fd0367a0b8"},"potentialAction":[{"@type":"SearchAction","target":{"@type":"EntryPoint","urlTemplate":"https:\/\/preventaspvr.com\/?s={search_term_string}"},"query-input":{"@type":"PropertyValueSpecification","valueRequired":true,"valueName":"search_term_string"}}],"inLanguage":"en-US"},{"@type":["Person","Organization"],"@id":"https:\/\/preventaspvr.com\/#\/schema\/person\/39c8c95bcaae5557116478fd0367a0b8","name":"oscar-glez-p_outlook-com","image":{"@type":"ImageObject","inLanguage":"en-US","@id":"https:\/\/secure.gravatar.com\/avatar\/95794c127918234f2ef51b7c2ca83795a81f0b7040281acbf6ce051796412a02?s=96&d=mm&r=g","url":"https:\/\/secure.gravatar.com\/avatar\/95794c127918234f2ef51b7c2ca83795a81f0b7040281acbf6ce051796412a02?s=96&d=mm&r=g","contentUrl":"https:\/\/secure.gravatar.com\/avatar\/95794c127918234f2ef51b7c2ca83795a81f0b7040281acbf6ce051796412a02?s=96&d=mm&r=g","caption":"oscar-glez-p_outlook-com"},"logo":{"@id":"https:\/\/secure.gravatar.com\/avatar\/95794c127918234f2ef51b7c2ca83795a81f0b7040281acbf6ce051796412a02?s=96&d=mm&r=g"}}]}},"_links":{"self":[{"href":"https:\/\/preventaspvr.com\/en\/wp-json\/wp\/v2\/pages\/18411","targetHints":{"allow":["GET"]}}],"collection":[{"href":"https:\/\/preventaspvr.com\/en\/wp-json\/wp\/v2\/pages"}],"about":[{"href":"https:\/\/preventaspvr.com\/en\/wp-json\/wp\/v2\/types\/page"}],"author":[{"embeddable":true,"href":"https:\/\/preventaspvr.com\/en\/wp-json\/wp\/v2\/users\/1"}],"replies":[{"embeddable":true,"href":"https:\/\/preventaspvr.com\/en\/wp-json\/wp\/v2\/comments?post=18411"}],"version-history":[{"count":7,"href":"https:\/\/preventaspvr.com\/en\/wp-json\/wp\/v2\/pages\/18411\/revisions"}],"predecessor-version":[{"id":18432,"href":"https:\/\/preventaspvr.com\/en\/wp-json\/wp\/v2\/pages\/18411\/revisions\/18432"}],"wp:attachment":[{"href":"https:\/\/preventaspvr.com\/en\/wp-json\/wp\/v2\/media?parent=18411"}],"curies":[{"name":"wp","href":"https:\/\/api.w.org\/{rel}","templated":true}]}}