{"id":16277,"date":"2020-03-11T12:29:40","date_gmt":"2020-03-11T12:29:40","guid":{"rendered":"https:\/\/default.houzez.co\/?page_id=16277"},"modified":"2025-07-17T21:56:13","modified_gmt":"2025-07-17T21:56:13","slug":"acerca","status":"publish","type":"page","link":"https:\/\/preventaspvr.com\/en\/acerca\/","title":{"rendered":"Acerca"},"content":{"rendered":"<div data-elementor-type=\"wp-page\" data-elementor-id=\"16277\" class=\"elementor elementor-16277\" data-elementor-post-type=\"page\">\n\t\t\t\t\t\t<section class=\"elementor-section elementor-top-section elementor-element elementor-element-45115ca0 elementor-section-height-min-height animated-slow elementor-section-boxed elementor-section-height-default elementor-section-items-middle elementor-invisible\" data-id=\"45115ca0\" data-element_type=\"section\" data-e-type=\"section\" data-settings=\"{&quot;background_background&quot;:&quot;classic&quot;,&quot;animation&quot;:&quot;fadeIn&quot;}\">\n\t\t\t\t\t\t\t<div class=\"elementor-background-overlay\"><\/div>\n\t\t\t\t\t\t\t<div class=\"elementor-container elementor-column-gap-default\">\n\t\t\t\t\t<div class=\"elementor-column elementor-col-100 elementor-top-column elementor-element elementor-element-1526ac2f\" data-id=\"1526ac2f\" data-element_type=\"column\" data-e-type=\"column\">\n\t\t\t<div class=\"elementor-widget-wrap elementor-element-populated\">\n\t\t\t\t\t\t<div class=\"elementor-element elementor-element-537676f elementor-widget elementor-widget-heading\" data-id=\"537676f\" data-element_type=\"widget\" data-e-type=\"widget\" data-widget_type=\"heading.default\">\n\t\t\t\t<div class=\"elementor-widget-container\">\n\t\t\t\t\t<h1 class=\"elementor-heading-title elementor-size-default\">\u201cOur commitment is to accompany you every step of the way to make it easy, safe, and hassle-free.\u201d<\/h1>\t\t\t\t<\/div>\n\t\t\t\t<\/div>\n\t\t\t\t\t<\/div>\n\t\t<\/div>\n\t\t\t\t\t<\/div>\n\t\t<\/section>\n\t\t\t\t<section class=\"elementor-section elementor-top-section elementor-element elementor-element-6c661608 elementor-section-boxed elementor-section-height-default elementor-section-height-default\" data-id=\"6c661608\" data-element_type=\"section\" data-e-type=\"section\" data-settings=\"{&quot;background_background&quot;:&quot;classic&quot;}\">\n\t\t\t\t\t\t<div class=\"elementor-container elementor-column-gap-default\">\n\t\t\t\t\t<div class=\"elementor-column elementor-col-100 elementor-top-column elementor-element elementor-element-2331cb98\" data-id=\"2331cb98\" data-element_type=\"column\" data-e-type=\"column\">\n\t\t\t<div class=\"elementor-widget-wrap elementor-element-populated\">\n\t\t\t\t\t\t<div class=\"elementor-element elementor-element-308600b9 elementor-widget elementor-widget-spacer\" data-id=\"308600b9\" data-element_type=\"widget\" data-e-type=\"widget\" data-widget_type=\"spacer.default\">\n\t\t\t\t<div class=\"elementor-widget-container\">\n\t\t\t\t\t\t\t<div class=\"elementor-spacer\">\n\t\t\t<div class=\"elementor-spacer-inner\"><\/div>\n\t\t<\/div>\n\t\t\t\t\t\t<\/div>\n\t\t\t\t<\/div>\n\t\t\t\t<div class=\"elementor-element elementor-element-64f26879 elementor-widget elementor-widget-text-editor\" data-id=\"64f26879\" data-element_type=\"widget\" data-e-type=\"widget\" data-widget_type=\"text-editor.default\">\n\t\t\t\t<div class=\"elementor-widget-container\">\n\t\t\t\t\t\t\t\t\t<p data-start=\"134\" data-end=\"436\">We know that buying a property in Bah\u00eda de Banderas is one of the most important decisions of your life, and we are committed to accompanying you every step of the way to make it easy, safe, and hassle-free.<\/p><p data-start=\"438\" data-end=\"744\">You have access to the best pre-sales, houses, apartments, land, and commercial properties, carefully selected to offer you the best on the market. Our site is designed for you: with useful tools and the information you need to make informed and sound decisions.<\/p><p data-start=\"746\" data-end=\"895\">Your goal is our priority. We ensure that the process is transparent, streamlined, and tailored to your needs, from the search to the signing.<\/p><p data-start=\"897\" data-end=\"1012\">Thank you for placing your trust in us. We are ready to help you find the property you have always imagined.<\/p>\t\t\t\t\t\t\t\t<\/div>\n\t\t\t\t<\/div>\n\t\t\t\t<div class=\"elementor-element elementor-element-5f34c0dd elementor-widget elementor-widget-spacer\" data-id=\"5f34c0dd\" data-element_type=\"widget\" data-e-type=\"widget\" data-widget_type=\"spacer.default\">\n\t\t\t\t<div class=\"elementor-widget-container\">\n\t\t\t\t\t\t\t<div class=\"elementor-spacer\">\n\t\t\t<div class=\"elementor-spacer-inner\"><\/div>\n\t\t<\/div>\n\t\t\t\t\t\t<\/div>\n\t\t\t\t<\/div>\n\t\t\t\t\t<\/div>\n\t\t<\/div>\n\t\t\t\t\t<\/div>\n\t\t<\/section>\n\t\t\t\t<\/div>","protected":false},"excerpt":{"rendered":"<p>&#8220;nuestro compromiso es acompa\u00f1arte en cada paso para que sea f\u00e1cil, seguro y sin complicaciones&#8221; Sabemos que comprar una propiedad en Bah\u00eda de Banderas es una de las decisiones m\u00e1s importantes de tu vida, y nuestro compromiso es acompa\u00f1arte en cada paso para que sea f\u00e1cil, seguro y sin complicaciones. Tienes a tu alcance las [&hellip;]<\/p>\n","protected":false},"author":1,"featured_media":0,"parent":0,"menu_order":0,"comment_status":"closed","ping_status":"closed","template":"template\/template-homepage.php","meta":{"content-type":"","footnotes":""},"class_list":["post-16277","page","type-page","status-publish","hentry"],"yoast_head":"<!-- This site is optimized with the Yoast SEO plugin v27.4 - https:\/\/yoast.com\/product\/yoast-seo-wordpress\/ -->\n<title>Acerca - Preventas en Puerto Vallarta y Bah\u00eda de Banderas<\/title>\n<meta name=\"robots\" content=\"index, follow, max-snippet:-1, max-image-preview:large, max-video-preview:-1\" \/>\n<link rel=\"canonical\" href=\"https:\/\/preventaspvr.com\/en\/acerca\/\" \/>\n<meta property=\"og:locale\" content=\"en_US\" \/>\n<meta property=\"og:type\" content=\"article\" \/>\n<meta property=\"og:title\" content=\"Acerca - Preventas en Puerto Vallarta y Bah\u00eda de Banderas\" \/>\n<meta property=\"og:description\" content=\"&#8220;nuestro compromiso es acompa\u00f1arte en cada paso para que sea f\u00e1cil, seguro y sin complicaciones&#8221; Sabemos que comprar una propiedad en Bah\u00eda de Banderas es una de las decisiones m\u00e1s importantes de tu vida, y nuestro compromiso es acompa\u00f1arte en cada paso para que sea f\u00e1cil, seguro y sin complicaciones. Tienes a tu alcance las [&hellip;]\" \/>\n<meta property=\"og:url\" content=\"https:\/\/preventaspvr.com\/en\/acerca\/\" \/>\n<meta property=\"og:site_name\" content=\"Preventas en Puerto Vallarta y Bah\u00eda de Banderas\" \/>\n<meta property=\"article:modified_time\" content=\"2025-07-17T21:56:13+00:00\" \/>\n<meta name=\"twitter:card\" content=\"summary_large_image\" \/>\n<meta name=\"twitter:label1\" content=\"Est. reading time\" \/>\n\t<meta name=\"twitter:data1\" content=\"1 minute\" \/>\n<script type=\"application\/ld+json\" class=\"yoast-schema-graph\">{\"@context\":\"https:\\\/\\\/schema.org\",\"@graph\":[{\"@type\":\"WebPage\",\"@id\":\"https:\\\/\\\/preventaspvr.com\\\/acerca\\\/\",\"url\":\"https:\\\/\\\/preventaspvr.com\\\/acerca\\\/\",\"name\":\"Acerca - Preventas en Puerto Vallarta y Bah\u00eda de Banderas\",\"isPartOf\":{\"@id\":\"https:\\\/\\\/preventaspvr.com\\\/#website\"},\"datePublished\":\"2020-03-11T12:29:40+00:00\",\"dateModified\":\"2025-07-17T21:56:13+00:00\",\"breadcrumb\":{\"@id\":\"https:\\\/\\\/preventaspvr.com\\\/acerca\\\/#breadcrumb\"},\"inLanguage\":\"en-US\",\"potentialAction\":[{\"@type\":\"ReadAction\",\"target\":[\"https:\\\/\\\/preventaspvr.com\\\/acerca\\\/\"]}]},{\"@type\":\"BreadcrumbList\",\"@id\":\"https:\\\/\\\/preventaspvr.com\\\/acerca\\\/#breadcrumb\",\"itemListElement\":[{\"@type\":\"ListItem\",\"position\":1,\"name\":\"Inicio\",\"item\":\"https:\\\/\\\/preventaspvr.com\\\/\"},{\"@type\":\"ListItem\",\"position\":2,\"name\":\"Acerca\"}]},{\"@type\":\"WebSite\",\"@id\":\"https:\\\/\\\/preventaspvr.com\\\/#website\",\"url\":\"https:\\\/\\\/preventaspvr.com\\\/\",\"name\":\"Preventas Puerto Vallarta & Bah\u00eda de Banderas\",\"description\":\"Encuentra las mejores preventas!\",\"publisher\":{\"@id\":\"https:\\\/\\\/preventaspvr.com\\\/#\\\/schema\\\/person\\\/39c8c95bcaae5557116478fd0367a0b8\"},\"potentialAction\":[{\"@type\":\"SearchAction\",\"target\":{\"@type\":\"EntryPoint\",\"urlTemplate\":\"https:\\\/\\\/preventaspvr.com\\\/?s={search_term_string}\"},\"query-input\":{\"@type\":\"PropertyValueSpecification\",\"valueRequired\":true,\"valueName\":\"search_term_string\"}}],\"inLanguage\":\"en-US\"},{\"@type\":[\"Person\",\"Organization\"],\"@id\":\"https:\\\/\\\/preventaspvr.com\\\/#\\\/schema\\\/person\\\/39c8c95bcaae5557116478fd0367a0b8\",\"name\":\"oscar-glez-p_outlook-com\",\"image\":{\"@type\":\"ImageObject\",\"inLanguage\":\"en-US\",\"@id\":\"https:\\\/\\\/secure.gravatar.com\\\/avatar\\\/95794c127918234f2ef51b7c2ca83795a81f0b7040281acbf6ce051796412a02?s=96&d=mm&r=g\",\"url\":\"https:\\\/\\\/secure.gravatar.com\\\/avatar\\\/95794c127918234f2ef51b7c2ca83795a81f0b7040281acbf6ce051796412a02?s=96&d=mm&r=g\",\"contentUrl\":\"https:\\\/\\\/secure.gravatar.com\\\/avatar\\\/95794c127918234f2ef51b7c2ca83795a81f0b7040281acbf6ce051796412a02?s=96&d=mm&r=g\",\"caption\":\"oscar-glez-p_outlook-com\"},\"logo\":{\"@id\":\"https:\\\/\\\/secure.gravatar.com\\\/avatar\\\/95794c127918234f2ef51b7c2ca83795a81f0b7040281acbf6ce051796412a02?s=96&d=mm&r=g\"}}]}<\/script>\n<!-- \/ Yoast SEO plugin. -->","yoast_head_json":{"title":"Acerca - Preventas en Puerto Vallarta y Bah\u00eda de Banderas","robots":{"index":"index","follow":"follow","max-snippet":"max-snippet:-1","max-image-preview":"max-image-preview:large","max-video-preview":"max-video-preview:-1"},"canonical":"https:\/\/preventaspvr.com\/en\/acerca\/","og_locale":"en_US","og_type":"article","og_title":"Acerca - Preventas en Puerto Vallarta y Bah\u00eda de Banderas","og_description":"&#8220;nuestro compromiso es acompa\u00f1arte en cada paso para que sea f\u00e1cil, seguro y sin complicaciones&#8221; Sabemos que comprar una propiedad en Bah\u00eda de Banderas es una de las decisiones m\u00e1s importantes de tu vida, y nuestro compromiso es acompa\u00f1arte en cada paso para que sea f\u00e1cil, seguro y sin complicaciones. Tienes a tu alcance las [&hellip;]","og_url":"https:\/\/preventaspvr.com\/en\/acerca\/","og_site_name":"Preventas en Puerto Vallarta y Bah\u00eda de Banderas","article_modified_time":"2025-07-17T21:56:13+00:00","twitter_card":"summary_large_image","twitter_misc":{"Est. reading time":"1 minute"},"schema":{"@context":"https:\/\/schema.org","@graph":[{"@type":"WebPage","@id":"https:\/\/preventaspvr.com\/acerca\/","url":"https:\/\/preventaspvr.com\/acerca\/","name":"Acerca - Preventas en Puerto Vallarta y Bah\u00eda de Banderas","isPartOf":{"@id":"https:\/\/preventaspvr.com\/#website"},"datePublished":"2020-03-11T12:29:40+00:00","dateModified":"2025-07-17T21:56:13+00:00","breadcrumb":{"@id":"https:\/\/preventaspvr.com\/acerca\/#breadcrumb"},"inLanguage":"en-US","potentialAction":[{"@type":"ReadAction","target":["https:\/\/preventaspvr.com\/acerca\/"]}]},{"@type":"BreadcrumbList","@id":"https:\/\/preventaspvr.com\/acerca\/#breadcrumb","itemListElement":[{"@type":"ListItem","position":1,"name":"Inicio","item":"https:\/\/preventaspvr.com\/"},{"@type":"ListItem","position":2,"name":"Acerca"}]},{"@type":"WebSite","@id":"https:\/\/preventaspvr.com\/#website","url":"https:\/\/preventaspvr.com\/","name":"Preventas Puerto Vallarta & Bah\u00eda de Banderas","description":"Encuentra las mejores preventas!","publisher":{"@id":"https:\/\/preventaspvr.com\/#\/schema\/person\/39c8c95bcaae5557116478fd0367a0b8"},"potentialAction":[{"@type":"SearchAction","target":{"@type":"EntryPoint","urlTemplate":"https:\/\/preventaspvr.com\/?s={search_term_string}"},"query-input":{"@type":"PropertyValueSpecification","valueRequired":true,"valueName":"search_term_string"}}],"inLanguage":"en-US"},{"@type":["Person","Organization"],"@id":"https:\/\/preventaspvr.com\/#\/schema\/person\/39c8c95bcaae5557116478fd0367a0b8","name":"oscar-glez-p_outlook-com","image":{"@type":"ImageObject","inLanguage":"en-US","@id":"https:\/\/secure.gravatar.com\/avatar\/95794c127918234f2ef51b7c2ca83795a81f0b7040281acbf6ce051796412a02?s=96&d=mm&r=g","url":"https:\/\/secure.gravatar.com\/avatar\/95794c127918234f2ef51b7c2ca83795a81f0b7040281acbf6ce051796412a02?s=96&d=mm&r=g","contentUrl":"https:\/\/secure.gravatar.com\/avatar\/95794c127918234f2ef51b7c2ca83795a81f0b7040281acbf6ce051796412a02?s=96&d=mm&r=g","caption":"oscar-glez-p_outlook-com"},"logo":{"@id":"https:\/\/secure.gravatar.com\/avatar\/95794c127918234f2ef51b7c2ca83795a81f0b7040281acbf6ce051796412a02?s=96&d=mm&r=g"}}]}},"_links":{"self":[{"href":"https:\/\/preventaspvr.com\/en\/wp-json\/wp\/v2\/pages\/16277","targetHints":{"allow":["GET"]}}],"collection":[{"href":"https:\/\/preventaspvr.com\/en\/wp-json\/wp\/v2\/pages"}],"about":[{"href":"https:\/\/preventaspvr.com\/en\/wp-json\/wp\/v2\/types\/page"}],"author":[{"embeddable":true,"href":"https:\/\/preventaspvr.com\/en\/wp-json\/wp\/v2\/users\/1"}],"replies":[{"embeddable":true,"href":"https:\/\/preventaspvr.com\/en\/wp-json\/wp\/v2\/comments?post=16277"}],"version-history":[{"count":29,"href":"https:\/\/preventaspvr.com\/en\/wp-json\/wp\/v2\/pages\/16277\/revisions"}],"predecessor-version":[{"id":24043,"href":"https:\/\/preventaspvr.com\/en\/wp-json\/wp\/v2\/pages\/16277\/revisions\/24043"}],"wp:attachment":[{"href":"https:\/\/preventaspvr.com\/en\/wp-json\/wp\/v2\/media?parent=16277"}],"curies":[{"name":"wp","href":"https:\/\/api.w.org\/{rel}","templated":true}]}}